{"id":57,"date":"2020-07-02T16:06:28","date_gmt":"2020-07-02T16:06:28","guid":{"rendered":"http:\/\/mobility-cooltec.de\/?page_id=57"},"modified":"2020-07-09T15:12:48","modified_gmt":"2020-07-09T15:12:48","slug":"ueber-uns","status":"publish","type":"page","link":"https:\/\/mobility-cooltec.de\/?page_id=57","title":{"rendered":"\u00dcber uns"},"content":{"rendered":"\n<p><strong>Mobility-Cooltec<\/strong> &#8211; damit Sie immer cool unterwegs sind!<\/p>\n\n\n\n<p><strong>Ihr Partner im Bereich Klimatechnik auf Schienenfahrzeugen<\/strong><\/p>\n\n\n\n<p>Mit jahrelanger Erfahrung sind wir Ihr Ansprechpartner f\u00fcr alle Themen rund um den Bereich Klimatechnik auf und in Schienenfahrzeugen. Wir planen und realisieren kosteng\u00fcnstige L\u00f6sungen, die genau auf Ihren Bedarf abgestimmt sind.<\/p>\n\n\n\n<p>Dazu geh\u00f6ren f\u00fcr uns selbstverst\u00e4ndlich:<\/p>\n\n\n\n<ul class=\"wp-block-list\"><li>eine ausf\u00fchrliche Beratung und Bedarfsanalyse<\/li><li>eine pr\u00e4zise Planung der Wartungszeitpunkte und deren fristgerechte Ausf\u00fchrung<\/li><li>sorgf\u00e4ltige Wartungsarbeiten<\/li><\/ul>\n\n\n\n<p>Wenn auch Sie sich f\u00fcr Wartungs- und Reparaturl\u00f6sungen an Ihren klimatechnischen Einrichtungen interessieren, melden Sie sich bei uns. Gerne erstellen wir Ihnen ein unverbindliches Angebot.<\/p>\n\n\n\n<h2 class=\"wp-block-heading\">Unser Team<\/h2>\n\n\n\n<p>Wir sind ein Team, dass sich durch jahrelanger Erfahrung im Bereich Klimatechnik auf Schienenfahrzeugen sehr gut auskennt und mit Begeisterung und Leidenschaft f\u00fcr die Klimatechnik an der Arbeit ist!&nbsp;&nbsp;&nbsp;&nbsp;&nbsp;&nbsp;&nbsp;&nbsp;&nbsp;&nbsp;&nbsp;&nbsp;&nbsp;&nbsp;&nbsp;&nbsp;&nbsp;&nbsp;&nbsp;&nbsp;&nbsp;&nbsp;&nbsp;&nbsp;&nbsp;&nbsp;&nbsp;&nbsp;&nbsp;&nbsp;&nbsp;&nbsp;&nbsp;&nbsp;&nbsp;&nbsp;&nbsp;&nbsp;&nbsp;&nbsp;&nbsp;&nbsp;&nbsp;&nbsp;&nbsp;&nbsp;&nbsp;&nbsp;&nbsp;&nbsp;&nbsp;&nbsp;&nbsp;&nbsp;&nbsp;&nbsp;&nbsp;&nbsp;&nbsp;&nbsp;&nbsp;&nbsp;&nbsp;&nbsp;&nbsp;&nbsp;&nbsp;&nbsp;&nbsp;&nbsp;&nbsp;&nbsp;&nbsp;&nbsp;&nbsp;&nbsp;&nbsp;&nbsp;&nbsp;&nbsp;&nbsp;&nbsp;&nbsp;&nbsp;&nbsp;&nbsp;&nbsp;&nbsp;&nbsp;&nbsp;&nbsp;&nbsp;&nbsp;&nbsp;&nbsp;&nbsp;&nbsp;&nbsp;&nbsp; Lassen auch Sie sich von unserer Arbeit begeistern. Das Team unserer Firma besteht aus erfahrenen Mitarbeitern, wodurch wir auf bew\u00e4hrte, ausgereifte Arbeitsweisen zur\u00fcckgreifen und gleichzeitig durch kontinuierliche Fortbildungen neue, innovative Techniken anwenden. <\/p>\n\n\n\n<h2 class=\"wp-block-heading\">Unser Motto<\/h2>\n\n\n\n<p>Als modernes Dienstleistungsunternehmen steht guter Service f\u00fcr uns ganz oben! Wir betreuen Sie von Anfang an und lassen Sie nicht im Regen stehen. So ist es unsere Maxime, Sie als Kunden zufrieden zu stellen &#8211; denn wir sind erst zufrieden, wenn Sie es sind!<\/p>\n","protected":false},"excerpt":{"rendered":"<p>Mobility-Cooltec &#8211; damit Sie immer cool unterwegs sind! Ihr Partner im Bereich Klimatechnik auf Schienenfahrzeugen Mit jahrelanger Erfahrung sind wir Ihr Ansprechpartner f\u00fcr alle Themen rund um den Bereich Klimatechnik auf und in Schienenfahrzeugen. Wir planen und realisieren kosteng\u00fcnstige L\u00f6sungen, die genau auf Ihren Bedarf abgestimmt sind. Dazu geh\u00f6ren f\u00fcr uns selbstverst\u00e4ndlich: eine ausf\u00fchrliche Beratung [&hellip;]<\/p>\n","protected":false},"author":1,"featured_media":0,"parent":0,"menu_order":0,"comment_status":"closed","ping_status":"closed","template":"","meta":{"gt_page_layout":"","gt_hide_page_title":false,"gt_remove_bottom_margin":false,"footnotes":""},"class_list":["post-57","page","type-page","status-publish","hentry"],"_links":{"self":[{"href":"https:\/\/mobility-cooltec.de\/index.php?rest_route=\/wp\/v2\/pages\/57","targetHints":{"allow":["GET"]}}],"collection":[{"href":"https:\/\/mobility-cooltec.de\/index.php?rest_route=\/wp\/v2\/pages"}],"about":[{"href":"https:\/\/mobility-cooltec.de\/index.php?rest_route=\/wp\/v2\/types\/page"}],"author":[{"embeddable":true,"href":"https:\/\/mobility-cooltec.de\/index.php?rest_route=\/wp\/v2\/users\/1"}],"replies":[{"embeddable":true,"href":"https:\/\/mobility-cooltec.de\/index.php?rest_route=%2Fwp%2Fv2%2Fcomments&post=57"}],"version-history":[{"count":7,"href":"https:\/\/mobility-cooltec.de\/index.php?rest_route=\/wp\/v2\/pages\/57\/revisions"}],"predecessor-version":[{"id":124,"href":"https:\/\/mobility-cooltec.de\/index.php?rest_route=\/wp\/v2\/pages\/57\/revisions\/124"}],"wp:attachment":[{"href":"https:\/\/mobility-cooltec.de\/index.php?rest_route=%2Fwp%2Fv2%2Fmedia&parent=57"}],"curies":[{"name":"wp","href":"https:\/\/api.w.org\/{rel}","templated":true}]}}