{"id":60,"date":"2020-07-02T16:06:57","date_gmt":"2020-07-02T16:06:57","guid":{"rendered":"http:\/\/mobility-cooltec.de\/?page_id=60"},"modified":"2020-07-05T18:25:02","modified_gmt":"2020-07-05T18:25:02","slug":"unsere-leistungen","status":"publish","type":"page","link":"https:\/\/mobility-cooltec.de\/?page_id=60","title":{"rendered":"Unsere Leistungen"},"content":{"rendered":"\n<p><strong>Wartungen und Reparaturen von Klimatechnischen Einrichtungen auf Schienenfahrzeugen<\/strong><\/p>\n\n\n\n<figure class=\"wp-block-image size-large\"><img loading=\"lazy\" decoding=\"async\" width=\"2560\" height=\"1707\" src=\"http:\/\/mobility-cooltec.de\/wp-content\/uploads\/2020\/07\/canstockphoto16537113-2-scaled.jpg\" alt=\"\" class=\"wp-image-105\" srcset=\"https:\/\/mobility-cooltec.de\/wp-content\/uploads\/2020\/07\/canstockphoto16537113-2-scaled.jpg 2560w, https:\/\/mobility-cooltec.de\/wp-content\/uploads\/2020\/07\/canstockphoto16537113-2-300x200.jpg 300w, https:\/\/mobility-cooltec.de\/wp-content\/uploads\/2020\/07\/canstockphoto16537113-2-768x512.jpg 768w, https:\/\/mobility-cooltec.de\/wp-content\/uploads\/2020\/07\/canstockphoto16537113-2-2048x1365.jpg 2048w\" sizes=\"auto, (max-width: 2560px) 100vw, 2560px\" \/><\/figure>\n\n\n\n<p>Damit sich Ihre Fahrg\u00e4ste wohl f\u00fchlen, ist es unabdingbar f\u00fcr das richtige Klima in Ihren Fahrzeugen zu sorgen. Dieses erreichen Sie nur, wenn die Klimaanlagen optimal gewartet, gereinigt und bei Bedarf repariert werden.<\/p>\n\n\n\n<p>Gerne fertigen wir f\u00fcr Sie in Absprache mit Ihnen, einen individuellen Wartungs- und Revisionsplan an und\u00a0f\u00fchren diese Wartungen termingerecht zu den gew\u00fcnschten Zeitpunkten aus.<\/p>\n\n\n\n<p>Auch Wartungen nach Herstellerangaben werden von uns fachgerecht ausgef\u00fchrt.<\/p>\n\n\n\n<p><strong>Trockeneisreinigung<\/strong><\/p>\n\n\n\n<figure class=\"wp-block-gallery columns-1 is-cropped wp-block-gallery-1 is-layout-flex wp-block-gallery-is-layout-flex\"><ul class=\"blocks-gallery-grid\"><li class=\"blocks-gallery-item\"><figure><img loading=\"lazy\" decoding=\"async\" width=\"1440\" height=\"2560\" src=\"http:\/\/mobility-cooltec.de\/wp-content\/uploads\/2020\/07\/20200619_204543-scaled.jpg\" alt=\"\" data-id=\"111\" data-full-url=\"http:\/\/mobility-cooltec.de\/wp-content\/uploads\/2020\/07\/20200619_204543-scaled.jpg\" data-link=\"http:\/\/mobility-cooltec.de\/?attachment_id=111\" class=\"wp-image-111\" srcset=\"https:\/\/mobility-cooltec.de\/wp-content\/uploads\/2020\/07\/20200619_204543-scaled.jpg 1440w, https:\/\/mobility-cooltec.de\/wp-content\/uploads\/2020\/07\/20200619_204543-169x300.jpg 169w, https:\/\/mobility-cooltec.de\/wp-content\/uploads\/2020\/07\/20200619_204543-576x1024.jpg 576w, https:\/\/mobility-cooltec.de\/wp-content\/uploads\/2020\/07\/20200619_204543-864x1536.jpg 864w, https:\/\/mobility-cooltec.de\/wp-content\/uploads\/2020\/07\/20200619_204543-1152x2048.jpg 1152w\" sizes=\"auto, (max-width: 1440px) 100vw, 1440px\" \/><\/figure><\/li><\/ul><\/figure>\n\n\n\n<p>Das Reinigungsverfahren mit Trockeneis ist innovativ, umweltschonend und effektiv. Bei der Reinigung mit Trockeneis wird das -78<em>\u00b0<\/em>C  kalte CO\u2082 in fester Form mit Druckluft auf die Materialoberfl\u00e4che gestrahlt. Das Trockeneis sublimiert auf der Materialoberfl\u00e4che und das Volumen vergr\u00f6\u00dfert sich um das 760 fache. Dadurch werden die anhaftenden Bel\u00e4ge und  Schmutz schonend entfernt, ohne die Materialoberfl\u00e4che zu besch\u00e4digen.<\/p>\n\n\n\n<p>Diese Reinigungsmethode kann f\u00fcr die Reinigung von Textilien \u00fcber Metalle bis hin zu unter Spannung stehenden Maschinen und Schaltschr\u00e4nken eingesetzt werden.<\/p>\n","protected":false},"excerpt":{"rendered":"<p>Wartungen und Reparaturen von Klimatechnischen Einrichtungen auf Schienenfahrzeugen Damit sich Ihre Fahrg\u00e4ste wohl f\u00fchlen, ist es unabdingbar f\u00fcr das richtige Klima in Ihren Fahrzeugen zu sorgen. Dieses erreichen Sie nur, wenn die Klimaanlagen optimal gewartet, gereinigt und bei Bedarf repariert werden. Gerne fertigen wir f\u00fcr Sie in Absprache mit Ihnen, einen individuellen Wartungs- und Revisionsplan [&hellip;]<\/p>\n","protected":false},"author":1,"featured_media":0,"parent":0,"menu_order":0,"comment_status":"closed","ping_status":"closed","template":"","meta":{"gt_page_layout":"","gt_hide_page_title":false,"gt_remove_bottom_margin":false,"footnotes":""},"class_list":["post-60","page","type-page","status-publish","hentry"],"_links":{"self":[{"href":"https:\/\/mobility-cooltec.de\/index.php?rest_route=\/wp\/v2\/pages\/60","targetHints":{"allow":["GET"]}}],"collection":[{"href":"https:\/\/mobility-cooltec.de\/index.php?rest_route=\/wp\/v2\/pages"}],"about":[{"href":"https:\/\/mobility-cooltec.de\/index.php?rest_route=\/wp\/v2\/types\/page"}],"author":[{"embeddable":true,"href":"https:\/\/mobility-cooltec.de\/index.php?rest_route=\/wp\/v2\/users\/1"}],"replies":[{"embeddable":true,"href":"https:\/\/mobility-cooltec.de\/index.php?rest_route=%2Fwp%2Fv2%2Fcomments&post=60"}],"version-history":[{"count":9,"href":"https:\/\/mobility-cooltec.de\/index.php?rest_route=\/wp\/v2\/pages\/60\/revisions"}],"predecessor-version":[{"id":122,"href":"https:\/\/mobility-cooltec.de\/index.php?rest_route=\/wp\/v2\/pages\/60\/revisions\/122"}],"wp:attachment":[{"href":"https:\/\/mobility-cooltec.de\/index.php?rest_route=%2Fwp%2Fv2%2Fmedia&parent=60"}],"curies":[{"name":"wp","href":"https:\/\/api.w.org\/{rel}","templated":true}]}}